{"id":715,"date":"2026-02-02T18:02:19","date_gmt":"2026-02-02T17:02:19","guid":{"rendered":"https:\/\/gobeyond.agency\/kontakt\/"},"modified":"2026-03-19T08:10:07","modified_gmt":"2026-03-19T07:10:07","slug":"kapcsolat","status":"publish","type":"page","link":"https:\/\/gobeyond.agency\/hu\/kapcsolat\/","title":{"rendered":"Kapcsolat"},"content":{"rendered":"","protected":false},"excerpt":{"rendered":"","protected":false},"author":1,"featured_media":0,"parent":0,"menu_order":0,"comment_status":"closed","ping_status":"closed","template":"page-templates\/contact.php","meta":{"_acf_changed":false,"footnotes":""},"class_list":["post-715","page","type-page","status-publish","hentry"],"acf":[],"yoast_head":"<!-- This site is optimized with the Yoast SEO Premium plugin v27.5 (Yoast SEO v27.5) - https:\/\/yoast.com\/product\/yoast-seo-premium-wordpress\/ -->\n<title>GoBeyond Agency | L\u00e9pj vel\u00fcnk kapcsolatba<\/title>\n<meta name=\"description\" content=\"ha \u00e9letre sz\u00f3l\u00f3 utaz\u00e1si \u00e9lm\u00e9nyt szeretn\u00e9l a csapatod vagy az \u00fcgyfeleid r\u00e9sz\u00e9re! H\u00edvj minket, k\u00fcldj egy e-mailt vagy haszn\u00e1lhatod az al\u00e1bbi formot is \u00e9s 48 \u00f3r\u00e1n bel\u00fcl jelentkez\u00fcnk.\" \/>\n<meta name=\"robots\" content=\"index, follow, max-snippet:-1, max-image-preview:large, max-video-preview:-1\" \/>\n<link rel=\"canonical\" href=\"https:\/\/gobeyond.agency\/hu\/kapcsolat\/\" \/>\n<meta property=\"og:locale\" content=\"hu_HU\" \/>\n<meta property=\"og:type\" content=\"article\" \/>\n<meta property=\"og:title\" content=\"GoBeyond Agency | L\u00e9pj vel\u00fcnk kapcsolatba\" \/>\n<meta property=\"og:description\" content=\"Ha \u00e9letre sz\u00f3l\u00f3 utaz\u00e1si \u00e9lm\u00e9nyt szeretn\u00e9l a csapatod vagy az \u00fcgyfeleid r\u00e9sz\u00e9re! H\u00edvj minket, k\u00fcldj egy e-mailt vagy haszn\u00e1lhatod az al\u00e1bbi formot is \u00e9s 48 \u00f3r\u00e1n bel\u00fcl jelentkez\u00fcnk.\" \/>\n<meta property=\"og:url\" content=\"https:\/\/gobeyond.agency\/hu\/kapcsolat\/\" \/>\n<meta property=\"og:site_name\" content=\"GoBeyond Agency\" \/>\n<meta property=\"article:modified_time\" content=\"2026-03-19T07:10:07+00:00\" \/>\n<meta property=\"og:image\" content=\"https:\/\/gobeyond.agency\/wp-content\/uploads\/2026\/02\/gobeyond-agency-icelnda-meeting-and-team-building-2.png\" \/>\n\t<meta property=\"og:image:width\" content=\"1116\" \/>\n\t<meta property=\"og:image:height\" content=\"744\" \/>\n\t<meta property=\"og:image:type\" content=\"image\/png\" \/>\n<meta name=\"twitter:card\" content=\"summary_large_image\" \/>\n<meta name=\"twitter:title\" content=\"Kapcsolat\" \/>\n<script type=\"application\/ld+json\" class=\"yoast-schema-graph\">{\"@context\":\"https:\\\/\\\/schema.org\",\"@graph\":[{\"@type\":\"WebPage\",\"@id\":\"https:\\\/\\\/gobeyond.agency\\\/hu\\\/kapcsolat\\\/\",\"url\":\"https:\\\/\\\/gobeyond.agency\\\/hu\\\/kapcsolat\\\/\",\"name\":\"GoBeyond Agency | L\u00e9pj vel\u00fcnk kapcsolatba\",\"isPartOf\":{\"@id\":\"https:\\\/\\\/gobeyond.agency\\\/#website\"},\"datePublished\":\"2026-02-02T17:02:19+00:00\",\"dateModified\":\"2026-03-19T07:10:07+00:00\",\"description\":\"ha \u00e9letre sz\u00f3l\u00f3 utaz\u00e1si \u00e9lm\u00e9nyt szeretn\u00e9l a csapatod vagy az \u00fcgyfeleid r\u00e9sz\u00e9re! H\u00edvj minket, k\u00fcldj egy e-mailt vagy haszn\u00e1lhatod az al\u00e1bbi formot is \u00e9s 48 \u00f3r\u00e1n bel\u00fcl jelentkez\u00fcnk.\",\"breadcrumb\":{\"@id\":\"https:\\\/\\\/gobeyond.agency\\\/hu\\\/kapcsolat\\\/#breadcrumb\"},\"inLanguage\":\"hu\",\"potentialAction\":[{\"@type\":\"ReadAction\",\"target\":[\"https:\\\/\\\/gobeyond.agency\\\/hu\\\/kapcsolat\\\/\"]}]},{\"@type\":\"BreadcrumbList\",\"@id\":\"https:\\\/\\\/gobeyond.agency\\\/hu\\\/kapcsolat\\\/#breadcrumb\",\"itemListElement\":[{\"@type\":\"ListItem\",\"position\":1,\"name\":\"Home\",\"item\":\"https:\\\/\\\/gobeyond.agency\\\/hu\\\/\"},{\"@type\":\"ListItem\",\"position\":2,\"name\":\"Kapcsolat\"}]},{\"@type\":\"WebSite\",\"@id\":\"https:\\\/\\\/gobeyond.agency\\\/#website\",\"url\":\"https:\\\/\\\/gobeyond.agency\\\/\",\"name\":\"GoBeyond Agency\",\"description\":\"\",\"potentialAction\":[{\"@type\":\"SearchAction\",\"target\":{\"@type\":\"EntryPoint\",\"urlTemplate\":\"https:\\\/\\\/gobeyond.agency\\\/?s={search_term_string}\"},\"query-input\":{\"@type\":\"PropertyValueSpecification\",\"valueRequired\":true,\"valueName\":\"search_term_string\"}}],\"inLanguage\":\"hu\"}]}<\/script>\n<!-- \/ Yoast SEO Premium plugin. -->","yoast_head_json":{"title":"GoBeyond Agency | L\u00e9pj vel\u00fcnk kapcsolatba","description":"ha \u00e9letre sz\u00f3l\u00f3 utaz\u00e1si \u00e9lm\u00e9nyt szeretn\u00e9l a csapatod vagy az \u00fcgyfeleid r\u00e9sz\u00e9re! H\u00edvj minket, k\u00fcldj egy e-mailt vagy haszn\u00e1lhatod az al\u00e1bbi formot is \u00e9s 48 \u00f3r\u00e1n bel\u00fcl jelentkez\u00fcnk.","robots":{"index":"index","follow":"follow","max-snippet":"max-snippet:-1","max-image-preview":"max-image-preview:large","max-video-preview":"max-video-preview:-1"},"canonical":"https:\/\/gobeyond.agency\/hu\/kapcsolat\/","og_locale":"hu_HU","og_type":"article","og_title":"GoBeyond Agency | L\u00e9pj vel\u00fcnk kapcsolatba","og_description":"Ha \u00e9letre sz\u00f3l\u00f3 utaz\u00e1si \u00e9lm\u00e9nyt szeretn\u00e9l a csapatod vagy az \u00fcgyfeleid r\u00e9sz\u00e9re! H\u00edvj minket, k\u00fcldj egy e-mailt vagy haszn\u00e1lhatod az al\u00e1bbi formot is \u00e9s 48 \u00f3r\u00e1n bel\u00fcl jelentkez\u00fcnk.","og_url":"https:\/\/gobeyond.agency\/hu\/kapcsolat\/","og_site_name":"GoBeyond Agency","article_modified_time":"2026-03-19T07:10:07+00:00","og_image":[{"width":1116,"height":744,"url":"https:\/\/gobeyond.agency\/wp-content\/uploads\/2026\/02\/gobeyond-agency-icelnda-meeting-and-team-building-2.png","type":"image\/png"}],"twitter_card":"summary_large_image","twitter_title":"Kapcsolat","schema":{"@context":"https:\/\/schema.org","@graph":[{"@type":"WebPage","@id":"https:\/\/gobeyond.agency\/hu\/kapcsolat\/","url":"https:\/\/gobeyond.agency\/hu\/kapcsolat\/","name":"GoBeyond Agency | L\u00e9pj vel\u00fcnk kapcsolatba","isPartOf":{"@id":"https:\/\/gobeyond.agency\/#website"},"datePublished":"2026-02-02T17:02:19+00:00","dateModified":"2026-03-19T07:10:07+00:00","description":"ha \u00e9letre sz\u00f3l\u00f3 utaz\u00e1si \u00e9lm\u00e9nyt szeretn\u00e9l a csapatod vagy az \u00fcgyfeleid r\u00e9sz\u00e9re! H\u00edvj minket, k\u00fcldj egy e-mailt vagy haszn\u00e1lhatod az al\u00e1bbi formot is \u00e9s 48 \u00f3r\u00e1n bel\u00fcl jelentkez\u00fcnk.","breadcrumb":{"@id":"https:\/\/gobeyond.agency\/hu\/kapcsolat\/#breadcrumb"},"inLanguage":"hu","potentialAction":[{"@type":"ReadAction","target":["https:\/\/gobeyond.agency\/hu\/kapcsolat\/"]}]},{"@type":"BreadcrumbList","@id":"https:\/\/gobeyond.agency\/hu\/kapcsolat\/#breadcrumb","itemListElement":[{"@type":"ListItem","position":1,"name":"Home","item":"https:\/\/gobeyond.agency\/hu\/"},{"@type":"ListItem","position":2,"name":"Kapcsolat"}]},{"@type":"WebSite","@id":"https:\/\/gobeyond.agency\/#website","url":"https:\/\/gobeyond.agency\/","name":"GoBeyond Agency","description":"","potentialAction":[{"@type":"SearchAction","target":{"@type":"EntryPoint","urlTemplate":"https:\/\/gobeyond.agency\/?s={search_term_string}"},"query-input":{"@type":"PropertyValueSpecification","valueRequired":true,"valueName":"search_term_string"}}],"inLanguage":"hu"}]}},"_links":{"self":[{"href":"https:\/\/gobeyond.agency\/hu\/wp-json\/wp\/v2\/pages\/715","targetHints":{"allow":["GET"]}}],"collection":[{"href":"https:\/\/gobeyond.agency\/hu\/wp-json\/wp\/v2\/pages"}],"about":[{"href":"https:\/\/gobeyond.agency\/hu\/wp-json\/wp\/v2\/types\/page"}],"author":[{"embeddable":true,"href":"https:\/\/gobeyond.agency\/hu\/wp-json\/wp\/v2\/users\/1"}],"replies":[{"embeddable":true,"href":"https:\/\/gobeyond.agency\/hu\/wp-json\/wp\/v2\/comments?post=715"}],"version-history":[{"count":1,"href":"https:\/\/gobeyond.agency\/hu\/wp-json\/wp\/v2\/pages\/715\/revisions"}],"predecessor-version":[{"id":716,"href":"https:\/\/gobeyond.agency\/hu\/wp-json\/wp\/v2\/pages\/715\/revisions\/716"}],"wp:attachment":[{"href":"https:\/\/gobeyond.agency\/hu\/wp-json\/wp\/v2\/media?parent=715"}],"curies":[{"name":"wp","href":"https:\/\/api.w.org\/{rel}","templated":true}]}}