{"id":434,"date":"2026-02-15T21:49:24","date_gmt":"2026-02-15T20:49:24","guid":{"rendered":"https:\/\/gobeyond.agency\/we-are-super-happy-to-hear-from-you\/"},"modified":"2026-03-19T08:17:33","modified_gmt":"2026-03-19T07:17:33","slug":"koszonjuk","status":"publish","type":"page","link":"https:\/\/gobeyond.agency\/hu\/koszonjuk\/","title":{"rendered":"Nagyon \u00f6r\u00fcl\u00fcnk, hogy kapcsolatba l\u00e9pt\u00e9l vel\u00fcnk."},"content":{"rendered":"<p>Megtesz\u00fcnk mindent, hogy min\u00e9l hamarabb v\u00e1laszoljunk neked, legk\u00e9s\u0151bb 48 \u00f3ra eltelt\u00e9vel jelentkez\u00fcnk.<\/p>\n","protected":false},"excerpt":{"rendered":"<p>Megtesz\u00fcnk mindent, hogy min\u00e9l hamarabb v\u00e1laszoljunk neked, legk\u00e9s\u0151bb 48 \u00f3ra eltelt\u00e9vel jelentkez\u00fcnk.<\/p>\n","protected":false},"author":2,"featured_media":0,"parent":0,"menu_order":0,"comment_status":"closed","ping_status":"closed","template":"page-templates\/thank-you.php","meta":{"_acf_changed":false,"footnotes":""},"class_list":["post-434","page","type-page","status-publish","hentry"],"acf":[],"yoast_head":"<!-- This site is optimized with the Yoast SEO Premium plugin v27.2 (Yoast SEO v27.2) - https:\/\/yoast.com\/product\/yoast-seo-premium-wordpress\/ -->\n<title>GoBeyond Agency | Nagyon \u00f6r\u00fcl\u00fcnk, hogy kapcsolatba l\u00e9pt\u00e9l vel\u00fcnk<\/title>\n<meta name=\"robots\" content=\"index, follow, max-snippet:-1, max-image-preview:large, max-video-preview:-1\" \/>\n<link rel=\"canonical\" href=\"https:\/\/gobeyond.agency\/hu\/koszonjuk\/\" \/>\n<meta property=\"og:locale\" content=\"hu_HU\" \/>\n<meta property=\"og:type\" content=\"article\" \/>\n<meta property=\"og:title\" content=\"GoBeyond Agency | Nagyon \u00f6r\u00fcl\u00fcnk, hogy kapcsolatba l\u00e9pt\u00e9l vel\u00fcnk\" \/>\n<meta property=\"og:description\" content=\"Megtesz\u00fcnk mindent, hogy min\u00e9l hamarabb v\u00e1laszoljunk neked, legk\u00e9s\u0151bb 48 \u00f3ra eltelt\u00e9vel jelentkez\u00fcnk.\" \/>\n<meta property=\"og:url\" content=\"https:\/\/gobeyond.agency\/hu\/koszonjuk\/\" \/>\n<meta property=\"og:site_name\" content=\"GoBeyond Agency\" \/>\n<meta property=\"article:modified_time\" content=\"2026-03-19T07:17:33+00:00\" \/>\n<meta name=\"twitter:card\" content=\"summary_large_image\" \/>\n<meta name=\"twitter:title\" content=\"Nagyon \u00f6r\u00fcl\u00fcnk, hogy kapcsolatba l\u00e9pt\u00e9l vel\u00fcnk.\" \/>\n<meta name=\"twitter:label1\" content=\"Becs\u00fclt olvas\u00e1si id\u0151\" \/>\n\t<meta name=\"twitter:data1\" content=\"1 perc\" \/>\n<script type=\"application\/ld+json\" class=\"yoast-schema-graph\">{\"@context\":\"https:\/\/schema.org\",\"@graph\":[{\"@type\":\"WebPage\",\"@id\":\"https:\/\/gobeyond.agency\/hu\/koszonjuk\/\",\"url\":\"https:\/\/gobeyond.agency\/hu\/koszonjuk\/\",\"name\":\"GoBeyond Agency | Nagyon \u00f6r\u00fcl\u00fcnk, hogy kapcsolatba l\u00e9pt\u00e9l vel\u00fcnk\",\"isPartOf\":{\"@id\":\"https:\/\/gobeyond.agency\/#website\"},\"datePublished\":\"2026-02-15T20:49:24+00:00\",\"dateModified\":\"2026-03-19T07:17:33+00:00\",\"breadcrumb\":{\"@id\":\"https:\/\/gobeyond.agency\/hu\/koszonjuk\/#breadcrumb\"},\"inLanguage\":\"hu\",\"potentialAction\":[{\"@type\":\"ReadAction\",\"target\":[\"https:\/\/gobeyond.agency\/hu\/koszonjuk\/\"]}]},{\"@type\":\"BreadcrumbList\",\"@id\":\"https:\/\/gobeyond.agency\/hu\/koszonjuk\/#breadcrumb\",\"itemListElement\":[{\"@type\":\"ListItem\",\"position\":1,\"name\":\"Home\",\"item\":\"https:\/\/gobeyond.agency\/hu\/\"},{\"@type\":\"ListItem\",\"position\":2,\"name\":\"Nagyon \u00f6r\u00fcl\u00fcnk, hogy kapcsolatba l\u00e9pt\u00e9l vel\u00fcnk.\"}]},{\"@type\":\"WebSite\",\"@id\":\"https:\/\/gobeyond.agency\/#website\",\"url\":\"https:\/\/gobeyond.agency\/\",\"name\":\"GoBeyond Agency\",\"description\":\"\",\"potentialAction\":[{\"@type\":\"SearchAction\",\"target\":{\"@type\":\"EntryPoint\",\"urlTemplate\":\"https:\/\/gobeyond.agency\/?s={search_term_string}\"},\"query-input\":{\"@type\":\"PropertyValueSpecification\",\"valueRequired\":true,\"valueName\":\"search_term_string\"}}],\"inLanguage\":\"hu\"}]}<\/script>\n<!-- \/ Yoast SEO Premium plugin. -->","yoast_head_json":{"title":"GoBeyond Agency | Nagyon \u00f6r\u00fcl\u00fcnk, hogy kapcsolatba l\u00e9pt\u00e9l vel\u00fcnk","robots":{"index":"index","follow":"follow","max-snippet":"max-snippet:-1","max-image-preview":"max-image-preview:large","max-video-preview":"max-video-preview:-1"},"canonical":"https:\/\/gobeyond.agency\/hu\/koszonjuk\/","og_locale":"hu_HU","og_type":"article","og_title":"GoBeyond Agency | Nagyon \u00f6r\u00fcl\u00fcnk, hogy kapcsolatba l\u00e9pt\u00e9l vel\u00fcnk","og_description":"Megtesz\u00fcnk mindent, hogy min\u00e9l hamarabb v\u00e1laszoljunk neked, legk\u00e9s\u0151bb 48 \u00f3ra eltelt\u00e9vel jelentkez\u00fcnk.","og_url":"https:\/\/gobeyond.agency\/hu\/koszonjuk\/","og_site_name":"GoBeyond Agency","article_modified_time":"2026-03-19T07:17:33+00:00","twitter_card":"summary_large_image","twitter_title":"Nagyon \u00f6r\u00fcl\u00fcnk, hogy kapcsolatba l\u00e9pt\u00e9l vel\u00fcnk.","twitter_misc":{"Becs\u00fclt olvas\u00e1si id\u0151":"1 perc"},"schema":{"@context":"https:\/\/schema.org","@graph":[{"@type":"WebPage","@id":"https:\/\/gobeyond.agency\/hu\/koszonjuk\/","url":"https:\/\/gobeyond.agency\/hu\/koszonjuk\/","name":"GoBeyond Agency | Nagyon \u00f6r\u00fcl\u00fcnk, hogy kapcsolatba l\u00e9pt\u00e9l vel\u00fcnk","isPartOf":{"@id":"https:\/\/gobeyond.agency\/#website"},"datePublished":"2026-02-15T20:49:24+00:00","dateModified":"2026-03-19T07:17:33+00:00","breadcrumb":{"@id":"https:\/\/gobeyond.agency\/hu\/koszonjuk\/#breadcrumb"},"inLanguage":"hu","potentialAction":[{"@type":"ReadAction","target":["https:\/\/gobeyond.agency\/hu\/koszonjuk\/"]}]},{"@type":"BreadcrumbList","@id":"https:\/\/gobeyond.agency\/hu\/koszonjuk\/#breadcrumb","itemListElement":[{"@type":"ListItem","position":1,"name":"Home","item":"https:\/\/gobeyond.agency\/hu\/"},{"@type":"ListItem","position":2,"name":"Nagyon \u00f6r\u00fcl\u00fcnk, hogy kapcsolatba l\u00e9pt\u00e9l vel\u00fcnk."}]},{"@type":"WebSite","@id":"https:\/\/gobeyond.agency\/#website","url":"https:\/\/gobeyond.agency\/","name":"GoBeyond Agency","description":"","potentialAction":[{"@type":"SearchAction","target":{"@type":"EntryPoint","urlTemplate":"https:\/\/gobeyond.agency\/?s={search_term_string}"},"query-input":{"@type":"PropertyValueSpecification","valueRequired":true,"valueName":"search_term_string"}}],"inLanguage":"hu"}]}},"_links":{"self":[{"href":"https:\/\/gobeyond.agency\/hu\/wp-json\/wp\/v2\/pages\/434","targetHints":{"allow":["GET"]}}],"collection":[{"href":"https:\/\/gobeyond.agency\/hu\/wp-json\/wp\/v2\/pages"}],"about":[{"href":"https:\/\/gobeyond.agency\/hu\/wp-json\/wp\/v2\/types\/page"}],"author":[{"embeddable":true,"href":"https:\/\/gobeyond.agency\/hu\/wp-json\/wp\/v2\/users\/2"}],"replies":[{"embeddable":true,"href":"https:\/\/gobeyond.agency\/hu\/wp-json\/wp\/v2\/comments?post=434"}],"version-history":[{"count":1,"href":"https:\/\/gobeyond.agency\/hu\/wp-json\/wp\/v2\/pages\/434\/revisions"}],"predecessor-version":[{"id":435,"href":"https:\/\/gobeyond.agency\/hu\/wp-json\/wp\/v2\/pages\/434\/revisions\/435"}],"wp:attachment":[{"href":"https:\/\/gobeyond.agency\/hu\/wp-json\/wp\/v2\/media?parent=434"}],"curies":[{"name":"wp","href":"https:\/\/api.w.org\/{rel}","templated":true}]}}