{"id":406,"date":"2026-02-02T17:45:09","date_gmt":"2026-02-02T16:45:09","guid":{"rendered":"https:\/\/gobeyond.agency\/home\/"},"modified":"2026-03-20T07:48:37","modified_gmt":"2026-03-20T06:48:37","slug":"home","status":"publish","type":"page","link":"https:\/\/gobeyond.agency\/hu\/","title":{"rendered":"Home"},"content":{"rendered":"","protected":false},"excerpt":{"rendered":"","protected":false},"author":1,"featured_media":0,"parent":0,"menu_order":0,"comment_status":"closed","ping_status":"open","template":"page-templates\/home.php","meta":{"_acf_changed":false,"footnotes":""},"class_list":["post-406","page","type-page","status-publish","hentry"],"acf":[],"yoast_head":"<!-- This site is optimized with the Yoast SEO Premium plugin v27.2 (Yoast SEO v27.2) - https:\/\/yoast.com\/product\/yoast-seo-premium-wordpress\/ -->\n<title>GoBeyond Agency |\u00a0K\u00fcl\u00f6nleges min\u0151s\u00e9g\u0171 \u00fczleti rendezv\u00e9nyek \u00e9s c\u00e9ges utaz\u00e1sok a vil\u00e1g b\u00e1rmely pontj\u00e1n<\/title>\n<meta name=\"description\" content=\"Az elm\u00falt t\u00edz \u00e9v sor\u00e1n sz\u00e1mos alkalommal bej\u00e1rtuk a vil\u00e1got, \u00edgy pontosan tudjuk, mit\u0151l v\u00e1lik egy utaz\u00e1s igaz\u00e1n eml\u00e9kezetess\u00e9: \u00daj k\u00e9szs\u00e9gek elsaj\u00e1t\u00edt\u00e1sa, hiteles \u00e9lm\u00e9nyek megoszt\u00e1sa val\u00f3di, szem\u00e9lyes kapcsolatok r\u00e9v\u00e9n. N\u00e9h\u00e1ny p\u00e9lda, amelyeket igaz\u00e1n inspir\u00e1l\u00f3nak tartunk.\" \/>\n<meta name=\"robots\" content=\"index, follow, max-snippet:-1, max-image-preview:large, max-video-preview:-1\" \/>\n<link rel=\"canonical\" href=\"https:\/\/gobeyond.agency\/hu\/\" \/>\n<meta property=\"og:locale\" content=\"hu_HU\" \/>\n<meta property=\"og:type\" content=\"article\" \/>\n<meta property=\"og:title\" content=\"GoBeyond Agency |\u00a0K\u00fcl\u00f6nleges min\u0151s\u00e9g\u0171 \u00fczleti rendezv\u00e9nyek \u00e9s c\u00e9ges utaz\u00e1sok a vil\u00e1g b\u00e1rmely pontj\u00e1n\" \/>\n<meta property=\"og:description\" content=\"Az elm\u00falt t\u00edz \u00e9v sor\u00e1n sz\u00e1mos alkalommal bej\u00e1rtuk a vil\u00e1got, \u00edgy pontosan tudjuk, mit\u0151l v\u00e1lik egy utaz\u00e1s igaz\u00e1n eml\u00e9kezetess\u00e9: \u00daj k\u00e9szs\u00e9gek elsaj\u00e1t\u00edt\u00e1sa, hiteles \u00e9lm\u00e9nyek megoszt\u00e1sa val\u00f3di, szem\u00e9lyes kapcsolatok r\u00e9v\u00e9n. N\u00e9h\u00e1ny p\u00e9lda, amelyeket igaz\u00e1n inspir\u00e1l\u00f3nak tartunk.\" \/>\n<meta property=\"og:url\" content=\"https:\/\/gobeyond.agency\/hu\/\" \/>\n<meta property=\"og:site_name\" content=\"GoBeyond Agency\" \/>\n<meta property=\"article:modified_time\" content=\"2026-03-20T06:48:37+00:00\" \/>\n<meta property=\"og:image\" content=\"https:\/\/gobeyond.agency\/wp-content\/uploads\/2026\/02\/gobeyond-agency-100-person-sales-conference-in-the-bay-of-kotor-2.jpg\" \/>\n\t<meta property=\"og:image:width\" content=\"2048\" \/>\n\t<meta property=\"og:image:height\" content=\"1365\" \/>\n\t<meta property=\"og:image:type\" content=\"image\/jpeg\" \/>\n<meta name=\"twitter:card\" content=\"summary_large_image\" \/>\n<meta name=\"twitter:title\" content=\"Home\" \/>\n<script type=\"application\/ld+json\" class=\"yoast-schema-graph\">{\"@context\":\"https:\/\/schema.org\",\"@graph\":[{\"@type\":\"WebPage\",\"@id\":\"https:\/\/gobeyond.agency\/hu\/\",\"url\":\"https:\/\/gobeyond.agency\/hu\/\",\"name\":\"GoBeyond Agency |\u00a0K\u00fcl\u00f6nleges min\u0151s\u00e9g\u0171 \u00fczleti rendezv\u00e9nyek \u00e9s c\u00e9ges utaz\u00e1sok a vil\u00e1g b\u00e1rmely pontj\u00e1n\",\"isPartOf\":{\"@id\":\"https:\/\/gobeyond.agency\/#website\"},\"datePublished\":\"2026-02-02T16:45:09+00:00\",\"dateModified\":\"2026-03-20T06:48:37+00:00\",\"description\":\"Az elm\u00falt t\u00edz \u00e9v sor\u00e1n sz\u00e1mos alkalommal bej\u00e1rtuk a vil\u00e1got, \u00edgy pontosan tudjuk, mit\u0151l v\u00e1lik egy utaz\u00e1s igaz\u00e1n eml\u00e9kezetess\u00e9: \u00daj k\u00e9szs\u00e9gek elsaj\u00e1t\u00edt\u00e1sa, hiteles \u00e9lm\u00e9nyek megoszt\u00e1sa val\u00f3di, szem\u00e9lyes kapcsolatok r\u00e9v\u00e9n. N\u00e9h\u00e1ny p\u00e9lda, amelyeket igaz\u00e1n inspir\u00e1l\u00f3nak tartunk.\",\"breadcrumb\":{\"@id\":\"https:\/\/gobeyond.agency\/hu\/#breadcrumb\"},\"inLanguage\":\"hu\",\"potentialAction\":[{\"@type\":\"ReadAction\",\"target\":[\"https:\/\/gobeyond.agency\/hu\/\"]}]},{\"@type\":\"BreadcrumbList\",\"@id\":\"https:\/\/gobeyond.agency\/hu\/#breadcrumb\",\"itemListElement\":[{\"@type\":\"ListItem\",\"position\":1,\"name\":\"Home\",\"item\":\"https:\/\/gobeyond.agency\/hu\/\"},{\"@type\":\"ListItem\",\"position\":2,\"name\":\"Home\"}]},{\"@type\":\"WebSite\",\"@id\":\"https:\/\/gobeyond.agency\/#website\",\"url\":\"https:\/\/gobeyond.agency\/\",\"name\":\"GoBeyond Agency\",\"description\":\"\",\"potentialAction\":[{\"@type\":\"SearchAction\",\"target\":{\"@type\":\"EntryPoint\",\"urlTemplate\":\"https:\/\/gobeyond.agency\/?s={search_term_string}\"},\"query-input\":{\"@type\":\"PropertyValueSpecification\",\"valueRequired\":true,\"valueName\":\"search_term_string\"}}],\"inLanguage\":\"hu\"}]}<\/script>\n<!-- \/ Yoast SEO Premium plugin. -->","yoast_head_json":{"title":"GoBeyond Agency |\u00a0K\u00fcl\u00f6nleges min\u0151s\u00e9g\u0171 \u00fczleti rendezv\u00e9nyek \u00e9s c\u00e9ges utaz\u00e1sok a vil\u00e1g b\u00e1rmely pontj\u00e1n","description":"Az elm\u00falt t\u00edz \u00e9v sor\u00e1n sz\u00e1mos alkalommal bej\u00e1rtuk a vil\u00e1got, \u00edgy pontosan tudjuk, mit\u0151l v\u00e1lik egy utaz\u00e1s igaz\u00e1n eml\u00e9kezetess\u00e9: \u00daj k\u00e9szs\u00e9gek elsaj\u00e1t\u00edt\u00e1sa, hiteles \u00e9lm\u00e9nyek megoszt\u00e1sa val\u00f3di, szem\u00e9lyes kapcsolatok r\u00e9v\u00e9n. N\u00e9h\u00e1ny p\u00e9lda, amelyeket igaz\u00e1n inspir\u00e1l\u00f3nak tartunk.","robots":{"index":"index","follow":"follow","max-snippet":"max-snippet:-1","max-image-preview":"max-image-preview:large","max-video-preview":"max-video-preview:-1"},"canonical":"https:\/\/gobeyond.agency\/hu\/","og_locale":"hu_HU","og_type":"article","og_title":"GoBeyond Agency |\u00a0K\u00fcl\u00f6nleges min\u0151s\u00e9g\u0171 \u00fczleti rendezv\u00e9nyek \u00e9s c\u00e9ges utaz\u00e1sok a vil\u00e1g b\u00e1rmely pontj\u00e1n","og_description":"Az elm\u00falt t\u00edz \u00e9v sor\u00e1n sz\u00e1mos alkalommal bej\u00e1rtuk a vil\u00e1got, \u00edgy pontosan tudjuk, mit\u0151l v\u00e1lik egy utaz\u00e1s igaz\u00e1n eml\u00e9kezetess\u00e9: \u00daj k\u00e9szs\u00e9gek elsaj\u00e1t\u00edt\u00e1sa, hiteles \u00e9lm\u00e9nyek megoszt\u00e1sa val\u00f3di, szem\u00e9lyes kapcsolatok r\u00e9v\u00e9n. N\u00e9h\u00e1ny p\u00e9lda, amelyeket igaz\u00e1n inspir\u00e1l\u00f3nak tartunk.","og_url":"https:\/\/gobeyond.agency\/hu\/","og_site_name":"GoBeyond Agency","article_modified_time":"2026-03-20T06:48:37+00:00","og_image":[{"width":2048,"height":1365,"url":"https:\/\/gobeyond.agency\/wp-content\/uploads\/2026\/02\/gobeyond-agency-100-person-sales-conference-in-the-bay-of-kotor-2.jpg","type":"image\/jpeg"}],"twitter_card":"summary_large_image","twitter_title":"Home","schema":{"@context":"https:\/\/schema.org","@graph":[{"@type":"WebPage","@id":"https:\/\/gobeyond.agency\/hu\/","url":"https:\/\/gobeyond.agency\/hu\/","name":"GoBeyond Agency |\u00a0K\u00fcl\u00f6nleges min\u0151s\u00e9g\u0171 \u00fczleti rendezv\u00e9nyek \u00e9s c\u00e9ges utaz\u00e1sok a vil\u00e1g b\u00e1rmely pontj\u00e1n","isPartOf":{"@id":"https:\/\/gobeyond.agency\/#website"},"datePublished":"2026-02-02T16:45:09+00:00","dateModified":"2026-03-20T06:48:37+00:00","description":"Az elm\u00falt t\u00edz \u00e9v sor\u00e1n sz\u00e1mos alkalommal bej\u00e1rtuk a vil\u00e1got, \u00edgy pontosan tudjuk, mit\u0151l v\u00e1lik egy utaz\u00e1s igaz\u00e1n eml\u00e9kezetess\u00e9: \u00daj k\u00e9szs\u00e9gek elsaj\u00e1t\u00edt\u00e1sa, hiteles \u00e9lm\u00e9nyek megoszt\u00e1sa val\u00f3di, szem\u00e9lyes kapcsolatok r\u00e9v\u00e9n. N\u00e9h\u00e1ny p\u00e9lda, amelyeket igaz\u00e1n inspir\u00e1l\u00f3nak tartunk.","breadcrumb":{"@id":"https:\/\/gobeyond.agency\/hu\/#breadcrumb"},"inLanguage":"hu","potentialAction":[{"@type":"ReadAction","target":["https:\/\/gobeyond.agency\/hu\/"]}]},{"@type":"BreadcrumbList","@id":"https:\/\/gobeyond.agency\/hu\/#breadcrumb","itemListElement":[{"@type":"ListItem","position":1,"name":"Home","item":"https:\/\/gobeyond.agency\/hu\/"},{"@type":"ListItem","position":2,"name":"Home"}]},{"@type":"WebSite","@id":"https:\/\/gobeyond.agency\/#website","url":"https:\/\/gobeyond.agency\/","name":"GoBeyond Agency","description":"","potentialAction":[{"@type":"SearchAction","target":{"@type":"EntryPoint","urlTemplate":"https:\/\/gobeyond.agency\/?s={search_term_string}"},"query-input":{"@type":"PropertyValueSpecification","valueRequired":true,"valueName":"search_term_string"}}],"inLanguage":"hu"}]}},"_links":{"self":[{"href":"https:\/\/gobeyond.agency\/hu\/wp-json\/wp\/v2\/pages\/406","targetHints":{"allow":["GET"]}}],"collection":[{"href":"https:\/\/gobeyond.agency\/hu\/wp-json\/wp\/v2\/pages"}],"about":[{"href":"https:\/\/gobeyond.agency\/hu\/wp-json\/wp\/v2\/types\/page"}],"author":[{"embeddable":true,"href":"https:\/\/gobeyond.agency\/hu\/wp-json\/wp\/v2\/users\/1"}],"replies":[{"embeddable":true,"href":"https:\/\/gobeyond.agency\/hu\/wp-json\/wp\/v2\/comments?post=406"}],"version-history":[{"count":13,"href":"https:\/\/gobeyond.agency\/hu\/wp-json\/wp\/v2\/pages\/406\/revisions"}],"predecessor-version":[{"id":1527,"href":"https:\/\/gobeyond.agency\/hu\/wp-json\/wp\/v2\/pages\/406\/revisions\/1527"}],"wp:attachment":[{"href":"https:\/\/gobeyond.agency\/hu\/wp-json\/wp\/v2\/media?parent=406"}],"curies":[{"name":"wp","href":"https:\/\/api.w.org\/{rel}","templated":true}]}}