{"id":403,"date":"2026-02-02T18:01:53","date_gmt":"2026-02-02T17:01:53","guid":{"rendered":"https:\/\/gobeyond.agency\/about-us\/"},"modified":"2026-03-20T07:53:21","modified_gmt":"2026-03-20T06:53:21","slug":"rolunk","status":"publish","type":"page","link":"https:\/\/gobeyond.agency\/hu\/rolunk\/","title":{"rendered":"R\u00f3lunk"},"content":{"rendered":"","protected":false},"excerpt":{"rendered":"","protected":false},"author":1,"featured_media":0,"parent":0,"menu_order":0,"comment_status":"closed","ping_status":"closed","template":"page-templates\/about-us.php","meta":{"_acf_changed":false,"footnotes":""},"class_list":["post-403","page","type-page","status-publish","hentry"],"acf":[],"yoast_head":"<!-- This site is optimized with the Yoast SEO Premium plugin v27.2 (Yoast SEO v27.2) - https:\/\/yoast.com\/product\/yoast-seo-premium-wordpress\/ -->\n<title>GoBeyond Agency | R\u00f3lunk - Tudjuk, hogy valami m\u00e1sra v\u00e1gysz<\/title>\n<meta name=\"description\" content=\"Olyan esem\u00e9nyeket \u00e9s utaz\u00e1sokat szervez\u00fcnk, amelyek minden id\u0151- \u00e9s k\u00f6lts\u00e9g r\u00e1ford\u00edt\u00e1st \u00e9rt\u00e9kess\u00e9 tesznek, odafigyelnek a F\u00f6ld korl\u00e1tozott er\u0151forr\u00e1saira, \u00e9s garant\u00e1ltan maradand\u00f3 \u00e9lm\u00e9nyeket ny\u00fajtanak.\" \/>\n<meta name=\"robots\" content=\"index, follow, max-snippet:-1, max-image-preview:large, max-video-preview:-1\" \/>\n<link rel=\"canonical\" href=\"https:\/\/gobeyond.agency\/hu\/rolunk\/\" \/>\n<meta property=\"og:locale\" content=\"hu_HU\" \/>\n<meta property=\"og:type\" content=\"article\" \/>\n<meta property=\"og:title\" content=\"GoBeyond Agency |\u00a0Tudjuk, hogy valami m\u00e1sra v\u00e1gysz\" \/>\n<meta property=\"og:description\" content=\"Olyan esem\u00e9nyeket \u00e9s utaz\u00e1sokat szervez\u00fcnk, amelyek minden id\u0151- \u00e9s k\u00f6lts\u00e9g r\u00e1ford\u00edt\u00e1st \u00e9rt\u00e9kess\u00e9 tesznek, odafigyelnek a F\u00f6ld korl\u00e1tozott er\u0151forr\u00e1saira, \u00e9s garant\u00e1ltan maradand\u00f3 \u00e9lm\u00e9nyeket ny\u00fajtanak.\" \/>\n<meta property=\"og:url\" content=\"https:\/\/gobeyond.agency\/hu\/rolunk\/\" \/>\n<meta property=\"og:site_name\" content=\"GoBeyond Agency\" \/>\n<meta property=\"article:modified_time\" content=\"2026-03-20T06:53:21+00:00\" \/>\n<meta property=\"og:image\" content=\"https:\/\/gobeyond.agency\/wp-content\/uploads\/2026\/02\/gobeyond-agency-events-alterative-event-venue.png\" \/>\n\t<meta property=\"og:image:width\" content=\"1920\" \/>\n\t<meta property=\"og:image:height\" content=\"1278\" \/>\n\t<meta property=\"og:image:type\" content=\"image\/png\" \/>\n<meta name=\"twitter:card\" content=\"summary_large_image\" \/>\n<meta name=\"twitter:title\" content=\"R\u00f3lunk\" \/>\n<script type=\"application\/ld+json\" class=\"yoast-schema-graph\">{\"@context\":\"https:\/\/schema.org\",\"@graph\":[{\"@type\":\"WebPage\",\"@id\":\"https:\/\/gobeyond.agency\/hu\/rolunk\/\",\"url\":\"https:\/\/gobeyond.agency\/hu\/rolunk\/\",\"name\":\"GoBeyond Agency | R\u00f3lunk - Tudjuk, hogy valami m\u00e1sra v\u00e1gysz\",\"isPartOf\":{\"@id\":\"https:\/\/gobeyond.agency\/#website\"},\"datePublished\":\"2026-02-02T17:01:53+00:00\",\"dateModified\":\"2026-03-20T06:53:21+00:00\",\"description\":\"Olyan esem\u00e9nyeket \u00e9s utaz\u00e1sokat szervez\u00fcnk, amelyek minden id\u0151- \u00e9s k\u00f6lts\u00e9g r\u00e1ford\u00edt\u00e1st \u00e9rt\u00e9kess\u00e9 tesznek, odafigyelnek a F\u00f6ld korl\u00e1tozott er\u0151forr\u00e1saira, \u00e9s garant\u00e1ltan maradand\u00f3 \u00e9lm\u00e9nyeket ny\u00fajtanak.\",\"breadcrumb\":{\"@id\":\"https:\/\/gobeyond.agency\/hu\/rolunk\/#breadcrumb\"},\"inLanguage\":\"hu\",\"potentialAction\":[{\"@type\":\"ReadAction\",\"target\":[\"https:\/\/gobeyond.agency\/hu\/rolunk\/\"]}]},{\"@type\":\"BreadcrumbList\",\"@id\":\"https:\/\/gobeyond.agency\/hu\/rolunk\/#breadcrumb\",\"itemListElement\":[{\"@type\":\"ListItem\",\"position\":1,\"name\":\"Home\",\"item\":\"https:\/\/gobeyond.agency\/hu\/\"},{\"@type\":\"ListItem\",\"position\":2,\"name\":\"R\u00f3lunk\"}]},{\"@type\":\"WebSite\",\"@id\":\"https:\/\/gobeyond.agency\/#website\",\"url\":\"https:\/\/gobeyond.agency\/\",\"name\":\"GoBeyond Agency\",\"description\":\"\",\"potentialAction\":[{\"@type\":\"SearchAction\",\"target\":{\"@type\":\"EntryPoint\",\"urlTemplate\":\"https:\/\/gobeyond.agency\/?s={search_term_string}\"},\"query-input\":{\"@type\":\"PropertyValueSpecification\",\"valueRequired\":true,\"valueName\":\"search_term_string\"}}],\"inLanguage\":\"hu\"}]}<\/script>\n<!-- \/ Yoast SEO Premium plugin. -->","yoast_head_json":{"title":"GoBeyond Agency | R\u00f3lunk - Tudjuk, hogy valami m\u00e1sra v\u00e1gysz","description":"Olyan esem\u00e9nyeket \u00e9s utaz\u00e1sokat szervez\u00fcnk, amelyek minden id\u0151- \u00e9s k\u00f6lts\u00e9g r\u00e1ford\u00edt\u00e1st \u00e9rt\u00e9kess\u00e9 tesznek, odafigyelnek a F\u00f6ld korl\u00e1tozott er\u0151forr\u00e1saira, \u00e9s garant\u00e1ltan maradand\u00f3 \u00e9lm\u00e9nyeket ny\u00fajtanak.","robots":{"index":"index","follow":"follow","max-snippet":"max-snippet:-1","max-image-preview":"max-image-preview:large","max-video-preview":"max-video-preview:-1"},"canonical":"https:\/\/gobeyond.agency\/hu\/rolunk\/","og_locale":"hu_HU","og_type":"article","og_title":"GoBeyond Agency |\u00a0Tudjuk, hogy valami m\u00e1sra v\u00e1gysz","og_description":"Olyan esem\u00e9nyeket \u00e9s utaz\u00e1sokat szervez\u00fcnk, amelyek minden id\u0151- \u00e9s k\u00f6lts\u00e9g r\u00e1ford\u00edt\u00e1st \u00e9rt\u00e9kess\u00e9 tesznek, odafigyelnek a F\u00f6ld korl\u00e1tozott er\u0151forr\u00e1saira, \u00e9s garant\u00e1ltan maradand\u00f3 \u00e9lm\u00e9nyeket ny\u00fajtanak.","og_url":"https:\/\/gobeyond.agency\/hu\/rolunk\/","og_site_name":"GoBeyond Agency","article_modified_time":"2026-03-20T06:53:21+00:00","og_image":[{"width":1920,"height":1278,"url":"https:\/\/gobeyond.agency\/wp-content\/uploads\/2026\/02\/gobeyond-agency-events-alterative-event-venue.png","type":"image\/png"}],"twitter_card":"summary_large_image","twitter_title":"R\u00f3lunk","schema":{"@context":"https:\/\/schema.org","@graph":[{"@type":"WebPage","@id":"https:\/\/gobeyond.agency\/hu\/rolunk\/","url":"https:\/\/gobeyond.agency\/hu\/rolunk\/","name":"GoBeyond Agency | R\u00f3lunk - Tudjuk, hogy valami m\u00e1sra v\u00e1gysz","isPartOf":{"@id":"https:\/\/gobeyond.agency\/#website"},"datePublished":"2026-02-02T17:01:53+00:00","dateModified":"2026-03-20T06:53:21+00:00","description":"Olyan esem\u00e9nyeket \u00e9s utaz\u00e1sokat szervez\u00fcnk, amelyek minden id\u0151- \u00e9s k\u00f6lts\u00e9g r\u00e1ford\u00edt\u00e1st \u00e9rt\u00e9kess\u00e9 tesznek, odafigyelnek a F\u00f6ld korl\u00e1tozott er\u0151forr\u00e1saira, \u00e9s garant\u00e1ltan maradand\u00f3 \u00e9lm\u00e9nyeket ny\u00fajtanak.","breadcrumb":{"@id":"https:\/\/gobeyond.agency\/hu\/rolunk\/#breadcrumb"},"inLanguage":"hu","potentialAction":[{"@type":"ReadAction","target":["https:\/\/gobeyond.agency\/hu\/rolunk\/"]}]},{"@type":"BreadcrumbList","@id":"https:\/\/gobeyond.agency\/hu\/rolunk\/#breadcrumb","itemListElement":[{"@type":"ListItem","position":1,"name":"Home","item":"https:\/\/gobeyond.agency\/hu\/"},{"@type":"ListItem","position":2,"name":"R\u00f3lunk"}]},{"@type":"WebSite","@id":"https:\/\/gobeyond.agency\/#website","url":"https:\/\/gobeyond.agency\/","name":"GoBeyond Agency","description":"","potentialAction":[{"@type":"SearchAction","target":{"@type":"EntryPoint","urlTemplate":"https:\/\/gobeyond.agency\/?s={search_term_string}"},"query-input":{"@type":"PropertyValueSpecification","valueRequired":true,"valueName":"search_term_string"}}],"inLanguage":"hu"}]}},"_links":{"self":[{"href":"https:\/\/gobeyond.agency\/hu\/wp-json\/wp\/v2\/pages\/403","targetHints":{"allow":["GET"]}}],"collection":[{"href":"https:\/\/gobeyond.agency\/hu\/wp-json\/wp\/v2\/pages"}],"about":[{"href":"https:\/\/gobeyond.agency\/hu\/wp-json\/wp\/v2\/types\/page"}],"author":[{"embeddable":true,"href":"https:\/\/gobeyond.agency\/hu\/wp-json\/wp\/v2\/users\/1"}],"replies":[{"embeddable":true,"href":"https:\/\/gobeyond.agency\/hu\/wp-json\/wp\/v2\/comments?post=403"}],"version-history":[{"count":17,"href":"https:\/\/gobeyond.agency\/hu\/wp-json\/wp\/v2\/pages\/403\/revisions"}],"predecessor-version":[{"id":1528,"href":"https:\/\/gobeyond.agency\/hu\/wp-json\/wp\/v2\/pages\/403\/revisions\/1528"}],"wp:attachment":[{"href":"https:\/\/gobeyond.agency\/hu\/wp-json\/wp\/v2\/media?parent=403"}],"curies":[{"name":"wp","href":"https:\/\/api.w.org\/{rel}","templated":true}]}}